{"id":24,"date":"2018-02-17T16:17:22","date_gmt":"2018-02-17T15:17:22","guid":{"rendered":"http:\/\/csh-woluwe.be\/?page_id=24"},"modified":"2019-04-20T20:01:03","modified_gmt":"2019-04-20T18:01:03","slug":"contact","status":"publish","type":"page","link":"https:\/\/csh-woluwe.be\/?page_id=24","title":{"rendered":"Contact"},"content":{"rendered":"<h4>Venez nous rencontrer:<\/h4>\n<p>Avenue Prekeliden, 56 \u00e0 1200 Woluw\u00e9-Saint-Lambert<\/p>\n<p>T\u00e9l: 02 734 91 01<\/p>\n<div id=\"wpgmza_map\" class=\"wpgmza_map\" data-settings='{\"id\":\"1\",\"map_title\":\"My first map\",\"map_width\":\"100\",\"map_height\":\"400\",\"map_start_lat\":\"50.841214\",\"map_start_lng\":\"4.409493\",\"map_start_location\":\"50.841214,4.409492600000021\",\"map_start_zoom\":\"16\",\"default_marker\":\"0\",\"type\":\"1\",\"alignment\":\"1\",\"directions_enabled\":\"1\",\"styling_enabled\":\"0\",\"styling_json\":\"\",\"active\":\"0\",\"kml\":\"\",\"bicycle\":\"0\",\"traffic\":\"0\",\"dbox\":\"1\",\"dbox_width\":\"100\",\"listmarkers\":\"0\",\"listmarkers_advanced\":\"0\",\"filterbycat\":\"0\",\"ugm_enabled\":\"0\",\"ugm_category_enabled\":\"0\",\"fusion\":\"\",\"map_width_type\":\"\\\\%\",\"map_height_type\":\"px\",\"mass_marker_support\":\"1\",\"ugm_access\":\"0\",\"order_markers_by\":\"1\",\"order_markers_choice\":\"2\",\"show_user_location\":\"0\",\"default_to\":\"\",\"other_settings\":{\"store_locator_enabled\":2,\"store_locator_distance\":2,\"store_locator_default_radius\":\"10\",\"store_locator_not_found_message\":\"No results found in this location. Please try again.\",\"store_locator_bounce\":1,\"store_locator_query_string\":\"Code Postal \\\/ Adresse\",\"store_locator_default_address\":\"\",\"wpgmza_store_locator_restrict\":\"be\",\"map_max_zoom\":\"15\",\"transport_layer\":1,\"wpgmza_theme_data\":\"\",\"wpgmza_show_points_of_interest\":0}}' data-map-id='1' Data-maps-engine='' data-shortcode-attributes='{\"id\":\"1\"}' style=\"display:block; overflow:auto; width:100%; height:400px; float:left;\"><\/div>\n","protected":false},"excerpt":{"rendered":"<p>Venez nous rencontrer: Avenue Prekeliden, 56 \u00e0 1200 Woluw\u00e9-Saint-Lambert T\u00e9l: 02 734 91 01<\/p>\n","protected":false},"author":1,"featured_media":0,"parent":0,"menu_order":0,"comment_status":"closed","ping_status":"closed","template":"","meta":{"footnotes":""},"class_list":["post-24","page","type-page","status-publish","hentry"],"_links":{"self":[{"href":"https:\/\/csh-woluwe.be\/index.php?rest_route=\/wp\/v2\/pages\/24","targetHints":{"allow":["GET"]}}],"collection":[{"href":"https:\/\/csh-woluwe.be\/index.php?rest_route=\/wp\/v2\/pages"}],"about":[{"href":"https:\/\/csh-woluwe.be\/index.php?rest_route=\/wp\/v2\/types\/page"}],"author":[{"embeddable":true,"href":"https:\/\/csh-woluwe.be\/index.php?rest_route=\/wp\/v2\/users\/1"}],"replies":[{"embeddable":true,"href":"https:\/\/csh-woluwe.be\/index.php?rest_route=%2Fwp%2Fv2%2Fcomments&post=24"}],"version-history":[{"count":5,"href":"https:\/\/csh-woluwe.be\/index.php?rest_route=\/wp\/v2\/pages\/24\/revisions"}],"predecessor-version":[{"id":109,"href":"https:\/\/csh-woluwe.be\/index.php?rest_route=\/wp\/v2\/pages\/24\/revisions\/109"}],"wp:attachment":[{"href":"https:\/\/csh-woluwe.be\/index.php?rest_route=%2Fwp%2Fv2%2Fmedia&parent=24"}],"curies":[{"name":"wp","href":"https:\/\/api.w.org\/{rel}","templated":true}]}}