{"id":35,"date":"2018-02-17T16:36:00","date_gmt":"2018-02-17T15:36:00","guid":{"rendered":"http:\/\/csh-woluwe.be\/?page_id=35"},"modified":"2025-12-19T13:47:57","modified_gmt":"2025-12-19T12:47:57","slug":"equipe-et-service","status":"publish","type":"page","link":"https:\/\/csh-woluwe.be\/?page_id=35","title":{"rendered":"M\u00e9decins et Consultants"},"content":{"rendered":"<p><a href=\"http:\/\/csh-woluwe.be\/?page_id=115\">Cliquez ici pour prendre rendez-vous avec un praticien<\/a><\/p>\n<ul>\n<li style=\"list-style-type: none;\">\n<ul>\n<li><strong>M\u00c9DECINE G\u00c9N\u00c9RALE<\/strong>\n<ul>\n<li>Dr IVLEF \u00a0\u00a0\u00a0\u00a0\u00a0\u00a0\u00a0\u00a0\u00a0\u00a0\u00a0\u00a0\u00a0\u00a0 \u00a0\u00a0\u00a0\u00a0\u00a0\u00a0\u00a0\u00a0\u00a0\u00a0\u00a0\u00a0\u00a0 0477\/28.44.51<\/li>\n<\/ul>\n<\/li>\n<li><strong>M\u00c9DECINE INTERNE<\/strong><\/li>\n<li><u>PNEUMOLOGIE \u2013 ALLERGOLOGIE \u2013 TROUBLE DU SOMMEIL<\/u>\n<ul>\n<li>Dr WULLEMAN \u00a0\u00a0\u00a0\u00a0\u00a0\u00a0\u00a0\u00a0\u00a0\u00a0\u00a0\u00a0\u00a0\u00a0\u00a0\u00a0\u00a0\u00a0\u00a0\u00a0\u00a0\u00a002\/331.53.19<\/li>\n<\/ul>\n<\/li>\n<li><u>CARDIOLOGIE<\/u>\n<ul>\n<li>Dr EL KHOURY \u00a0\u00a0\u00a0\u00a0\u00a0\u00a0\u00a0\u00a0\u00a0\u00a0\u00a0\u00a0\u00a0\u00a0 \u00a0\u00a0\u00a0\u00a0\u00a0\u00a0\u00a0\u00a0\u00a0\u00a0\u00a0\u00a0\u00a0 02\/734.91.01<\/li>\n<\/ul>\n<\/li>\n<li><strong>CHIRURGIE<\/strong><\/li>\n<li><u>TRAUMATOLOGIE\u2013 CHIRURGIE DU PIED ET DE LA CHEVILLE<\/u>\n<ul>\n<li>Dr Laura BELLANOVA\u00a0\u00a0\u00a0\u00a0\u00a0\u00a0 <a href=\"mailto:laurabellanova@gmail.com\">laurabellanova@gmail.com<\/a><\/li>\n<\/ul>\n<\/li>\n<li><u>ORTHOPEDISTE \u2013 ORTHOPEDIE MEMBRES SUPERIEURS<\/u>\n<ul>\n<li>Dr C\u00e9line MEERT\u00a0 \u00a0 \u00a0 \u00a0<a href=\"mailto:drcelinemeert@gmail.com\">drcelinemeert@gmail.com<\/a><\/li>\n<\/ul>\n<\/li>\n<li><strong>DENTISTERIE<\/strong><\/li>\n<li><u>CHIRURGIE DENTAIRE, SOINS DENTAIRES, PROTHESES FIXES ET AMOVILBLES, IMPLANTOLOGIE DENTAIRE, DENTO-SCANNER<\/u>\n<ul>\n<li>Chirurgien dentiste S. Levy \u00a0 \u00a0 \u00a0 \u00a0 \u00a0 \u00a0 0488\/59.66.60\u00a0\u00a0\u00a0\u00a0 02\/218.52.22<\/li>\n<\/ul>\n<\/li>\n<li><strong>RADIOLOGIE<\/strong><\/li>\n<li><u>\u00c9CHOGRAPHIE ET DOPPLER<\/u>\n<ul>\n<li>Dr HADJ-SAHRAOUI \u00a0\u00a0\u00a0\u00a0\u00a0\u00a0\u00a0\u00a0\u00a0\u00a0\u00a0\u00a0\u00a0 0477\/35.96.72<\/li>\n<\/ul>\n<\/li>\n<li><u>SCANNER DENTAIRE 3D PROTOCOLE<\/u>\n<ul>\n<li>S. LEVY\u00a0 \u00a0 \u00a0 \u00a0 \u00a0 \u00a0 \u00a00488\/59.66.60\u00a0\u00a0\u00a0\u00a0 02\/218.52.22<\/li>\n<\/ul>\n<\/li>\n<li><strong>KIN\u00c9SITH\u00c9RAPIE <\/strong>\n<ul>\n<li>Mr VANDEN BORRE \u00a0\u00a0\u00a0\u00a0\u00a0\u00a0\u00a0\u00a0\u00a0\u00a0\u00a0\u00a0\u00a0\u00a0\u00a0\u00a0\u00a0\u00a0\u00a0\u00a0\u00a0\u00a0\u00a0\u00a0\u00a0\u00a0\u00a0\u00a0\u00a0 0479\/26.80.32<br \/>\n(Kin\u00e9sith\u00e9rapie du sport, ortho-traumatologie, th\u00e9rapie manuelle, cardio-respiratoire, drainage lymphatique manuel, ATM)<\/li>\n<li>Mr Simon BONNIER\u00a0\u00a0\u00a0\u00a0\u00a0\u00a0\u00a0\u00a0\u00a0\u00a0\u00a0\u00a0\u00a0 0470\/22.06.20<br \/>\n(kin\u00e9sith\u00e9rapie g\u00e9n\u00e9rale, orthop\u00e9dique et musculo-squelettique, kine neurologique, lombalgie, Kin\u00e9 \u00e0 domicile)<br \/>\n<a href=\"mailto:kine.simon.bonnier@gmail.com\">kine.simon.bonnier@gmail.com<\/a><\/li>\n<li>Mme BANCEL-MATHERN \u00a0\u00a0\u00a0\u00a0\u00a0\u00a0\u00a0\u00a0\u00a0\u00a0\u00a0\u00a0\u00a0\u00a0 \u00a0\u00a0\u00a0\u00a0\u00a0\u00a0\u00a0\u00a0\u00a0\u00a0\u00a0\u00a0\u00a0 0484\/20.45.02<br \/>\n(Revalidation maxillo-faciale)<\/li>\n<li>Mme Monika WIECZOREK \u00a0\u00a0\u00a0\u00a0\u00a0\u00a0\u00a0\u00a0\u00a0\u00a0\u00a0\u00a0\u00a0 \u00a0\u00a0\u00a0\u00a0\u00a0\u00a0\u00a0\u00a0\u00a0\u00a0\u00a0\u00a0\u00a0 0484\/10.72.41<br \/>\n(Kin\u00e9sith\u00e9rapie g\u00e9n\u00e9rale, massage kobido, drainage lymphatique)<\/li>\n<li>Mme Leslie SCARSET \u00a0\u00a0\u00a0\u00a0\u00a0\u00a0\u00a0\u00a0\u00a0\u00a0\u00a0\u00a0\u00a0\u00a0\u00a0\u00a0\u00a0\u00a0\u00a0\u00a0\u00a0\u00a0\u00a0\u00a0\u00a0\u00a0\u00a0\u00a0\u00a0 0470\/11.69.96<br \/>\n(Kin\u00e9sith\u00e9rapie uro-gyn\u00e9cologique, trouble urinaire anale prostatique gyn\u00e9cologique pr\u00e9 post-partum)<\/li>\n<li>Mme Gabrielle DOORENBOS\u00a0 \u00a0 \u00a0 \u00a0 \u00a0 \u00a0 \u00a0 \u00a0 \u00a0 \u00a0 \u00a0 \u00a0 \u00a0 \u00a0 \u00a00496\/32.52.37(Kin\u00e9sith\u00e9rapie g\u00e9n\u00e9rale et sportive, sp\u00e9cialis\u00e9e \u00e9paule et main, prise en charge en douleur chronique)<\/li>\n<\/ul>\n<\/li>\n<li><strong>PSYCHOLOGIE<\/strong>\n<ul>\n<li>Mme Val\u00e9rie COOREMAN\u00a0 \u00a0 \u00a0 \u00a0 \u00a0 \u00a0 \u00a00489\/74.62.19\u00a0 \u00a0 \u00a0 <a href=\"mailto:vcooreman.resiliencepsy@gmail.com\">vcooreman.resiliencepsy@gmail.com<\/a><\/li>\n<li>Mme EFRATAS \u00a0\u00a0\u00a0\u00a0\u00a0\u00a0\u00a0\u00a0\u00a0\u00a0\u00a0\u00a0\u00a0\u00a0 \u00a0\u00a0\u00a0\u00a0\u00a0\u00a0\u00a0\u00a0\u00a0\u00a0\u00a0\u00a0\u00a0 0476\/63.22.63<\/li>\n<li>\n<div dir=\"auto\">Mme CHALTIN<\/div>\n<div dir=\"auto\">(Psychologue clinicienne, Enfants, adolescents, adultes)<\/div>\n<div dir=\"auto\">0487\/264590<\/div>\n<\/li>\n<li>Mme Boutheina BAHRI<br \/>\nPsychologue clinicienne \u2013 Formation en th\u00e9rapie syst\u00e9mique<br \/>\nEnfants adolescents adultes couples famille<br \/>\n0470\/69.72.17 (fran\u00e7ais, arabe, anglais)<\/li>\n<\/ul>\n<\/li>\n<li><strong>SOPHROLOGIE<\/strong>\n<ul>\n<li>Mme Caroline MAGDZIAREK \u00a0 \u00a0 \u00a0 \u00a0 \u00a0 \u00a0 0465\/71.01.57<br \/>\n(Gestion du stress \/ douleurs \/\u00e9motions \u2013 troubles du sommeil)<\/li>\n<\/ul>\n<\/li>\n<li><strong>HYPNOTH\u00c9RAPIE<\/strong>\n<ul>\n<li>Mr MASKENS \u00a0\u00a0\u00a0\u00a0\u00a0\u00a0\u00a0\u00a0\u00a0\u00a0\u00a0\u00a0\u00a0\u00a0 \u00a0\u00a0\u00a0\u00a0\u00a0\u00a0\u00a0\u00a0\u00a0\u00a0\u00a0\u00a0\u00a0 0497\/39.76.63<\/li>\n<\/ul>\n<\/li>\n<li><strong>PODOLOGIE<\/strong>\n<ul>\n<li>Mme RYCKEN \u00a0\u00a0\u00a0\u00a0\u00a0\u00a0\u00a0\u00a0\u00a0\u00a0\u00a0\u00a0\u00a0\u00a0 \u00a0\u00a0\u00a0\u00a0\u00a0\u00a0\u00a0\u00a0\u00a0\u00a0\u00a0\u00a0\u00a0 0493\/84.93.23<br \/>\n(Soins pieds\/ongles \u2013 analyse de marche \u2013 semelles)<\/li>\n<li>Mr Fabien ANTOINE\u00a0 \u00a0 \u00a0 \u00a0 \u00a0 \u00a0 \u00a0 \u00a0 \u00a0 \u00a0 \u00a0 \u00a0 \u00a0 \u00a0 \u00a0 0477\/36.87.04<br \/>\n(Examen biom\u00e9canique \/ semelles sur mesure<br \/>\nRdv en ligne : <a href=\"https:\/\/www.doctoranytime.be\/d\/podologue\/fabien-antoine\">cliquez sur ce lien<\/a> )<\/li>\n<\/ul>\n<\/li>\n<li><strong>OST\u00c9OPATHIE<\/strong>\n<ul>\n<li>\n<div dir=\"auto\">Mr LEMOINE\u00a0 \u00a0 \u00a0 \u00a0 \u00a0 \u00a0 \u00a0 \u00a0 \u00a0 \u00a0 \u00a0 \u00a0 \u00a0 \u00a0 \u00a00478\/16.41.08<\/div>\n<\/li>\n<li>\n<div dir=\"auto\">Mr JASLOWSKI\u00a0 \u00a0 \u00a0 \u00a0 \u00a0 \u00a0 \u00a0 \u00a0 \u00a0 \u00a0 \u00a0 \u00a0 \u00a0 \u00a0 \u00a0 0497\/36.93.72<\/div>\n<\/li>\n<li>Mr Ljahl BAZIN LOPEZ\u00a0 \u00a0 \u00a0 \u00a00490\/46.83.48<\/li>\n<\/ul>\n<\/li>\n<li><strong>NUTRITION<\/strong>\n<ul>\n<li>Dr IVLEF \u00a0\u00a0\u00a0\u00a0\u00a0\u00a0\u00a0\u00a0\u00a0\u00a0\u00a0\u00a0\u00a0\u00a0 \u00a0\u00a0\u00a0\u00a0\u00a0\u00a0\u00a0\u00a0\u00a0\u00a0\u00a0\u00a0\u00a0 0477\/28.44.51 (amincissement &#8211; rv par SMS uniquement)<\/li>\n<li>Mme Floriane FORET\u00a0 \u00a0 \u00a0 \u00a00471773263 (di\u00e9t\u00e9ticienne nutritionniste sp\u00e9cialis\u00e9e dans la perte de poids, dans les troubles du comportement alimentaire, les troubles digestifs et nutrition du sportif)<\/li>\n<\/ul>\n<\/li>\n<li><strong>EPILATION LASER<\/strong>\n<ul>\n<li>Mme Laurence VANDENITTE\u00a0 \u00a0 \u00a0 \u00a0 \u00a0 \u00a0 \u00a0 \u00a0 \u00a0 \u00a0 \u00a0 \u00a0 \u00a0 \u00a0 \u00a0 0477\/57.37.37<br \/>\n(\u00c9pilation laser derni\u00e8re g\u00e9n\u00e9ration elle \/lui)<\/li>\n<\/ul>\n<\/li>\n<\/ul>\n<\/li>\n<\/ul>\n<p>Informations compl\u00e9mentaires:<br \/>\n(+32)2\/734.91.01<br \/>\n(+32)477\/28.44.51<br \/>\n(+32)2\/732.14.18<\/p>\n","protected":false},"excerpt":{"rendered":"<p>Cliquez ici pour prendre rendez-vous avec un praticien M\u00c9DECINE G\u00c9N\u00c9RALE Dr IVLEF \u00a0\u00a0\u00a0\u00a0\u00a0\u00a0\u00a0\u00a0\u00a0\u00a0\u00a0\u00a0\u00a0\u00a0 \u00a0\u00a0\u00a0\u00a0\u00a0\u00a0\u00a0\u00a0\u00a0\u00a0\u00a0\u00a0\u00a0 0477\/28.44.51 M\u00c9DECINE INTERNE PNEUMOLOGIE \u2013 ALLERGOLOGIE \u2013 TROUBLE DU SOMMEIL Dr WULLEMAN \u00a0\u00a0\u00a0\u00a0\u00a0\u00a0\u00a0\u00a0\u00a0\u00a0\u00a0\u00a0\u00a0\u00a0\u00a0\u00a0\u00a0\u00a0\u00a0\u00a0\u00a0\u00a002\/331.53.19 CARDIOLOGIE Dr EL KHOURY \u00a0\u00a0\u00a0\u00a0\u00a0\u00a0\u00a0\u00a0\u00a0\u00a0\u00a0\u00a0\u00a0\u00a0 \u00a0\u00a0\u00a0\u00a0\u00a0\u00a0\u00a0\u00a0\u00a0\u00a0\u00a0\u00a0\u00a0 02\/734.91.01 CHIRURGIE TRAUMATOLOGIE\u2013 CHIRURGIE DU PIED ET DE LA CHEVILLE Dr Laura BELLANOVA\u00a0\u00a0\u00a0\u00a0\u00a0\u00a0 laurabellanova@gmail.com ORTHOPEDISTE \u2013 ORTHOPEDIE MEMBRES SUPERIEURS Dr C\u00e9line MEERT\u00a0 &hellip; <\/p>\n<p class=\"link-more\"><a href=\"https:\/\/csh-woluwe.be\/?page_id=35\" class=\"more-link\">Continuer la lecture<span class=\"screen-reader-text\"> de &laquo;&nbsp;M\u00e9decins et Consultants&nbsp;&raquo;<\/span><\/a><\/p>\n","protected":false},"author":1,"featured_media":0,"parent":0,"menu_order":0,"comment_status":"closed","ping_status":"closed","template":"","meta":{"footnotes":""},"class_list":["post-35","page","type-page","status-publish","hentry"],"_links":{"self":[{"href":"https:\/\/csh-woluwe.be\/index.php?rest_route=\/wp\/v2\/pages\/35","targetHints":{"allow":["GET"]}}],"collection":[{"href":"https:\/\/csh-woluwe.be\/index.php?rest_route=\/wp\/v2\/pages"}],"about":[{"href":"https:\/\/csh-woluwe.be\/index.php?rest_route=\/wp\/v2\/types\/page"}],"author":[{"embeddable":true,"href":"https:\/\/csh-woluwe.be\/index.php?rest_route=\/wp\/v2\/users\/1"}],"replies":[{"embeddable":true,"href":"https:\/\/csh-woluwe.be\/index.php?rest_route=%2Fwp%2Fv2%2Fcomments&post=35"}],"version-history":[{"count":76,"href":"https:\/\/csh-woluwe.be\/index.php?rest_route=\/wp\/v2\/pages\/35\/revisions"}],"predecessor-version":[{"id":246,"href":"https:\/\/csh-woluwe.be\/index.php?rest_route=\/wp\/v2\/pages\/35\/revisions\/246"}],"wp:attachment":[{"href":"https:\/\/csh-woluwe.be\/index.php?rest_route=%2Fwp%2Fv2%2Fmedia&parent=35"}],"curies":[{"name":"wp","href":"https:\/\/api.w.org\/{rel}","templated":true}]}}